{"id":97,"date":"2025-04-01T11:51:29","date_gmt":"2025-04-01T11:51:29","guid":{"rendered":"https:\/\/anavi-art.hr\/?page_id=97"},"modified":"2025-10-07T17:19:38","modified_gmt":"2025-10-07T17:19:38","slug":"zapetljana","status":"publish","type":"page","link":"https:\/\/anavi-art.hr\/index.php\/zapetljana\/","title":{"rendered":"Zapetljana"},"content":{"rendered":"\n<figure class=\"wp-block-image size-large is-style-default\"><img loading=\"lazy\" decoding=\"async\" width=\"768\" height=\"1024\" src=\"https:\/\/anavi-art.hr\/wp-content\/uploads\/2025\/03\/macrame-sun-1-768x1024.jpg\" alt=\"\" class=\"wp-image-122\" srcset=\"https:\/\/anavi-art.hr\/wp-content\/uploads\/2025\/03\/macrame-sun-1-768x1024.jpg 768w, https:\/\/anavi-art.hr\/wp-content\/uploads\/2025\/03\/macrame-sun-1-225x300.jpg 225w, https:\/\/anavi-art.hr\/wp-content\/uploads\/2025\/03\/macrame-sun-1-rotated.jpg 800w\" sizes=\"auto, (max-width: 768px) 100vw, 768px\" \/><\/figure>\n\n\n\n<p>Zapetljana (eng. Tangled) je naziv linije macrame nakita i narukvica prijateljstva.<\/p>\n\n\n\n<p>Narukvice prijateljstva moja su ljubav jo\u0161 iz djetinjstva. Jednostavnost i \u0161arenilo boja su jednostavno neodoljivi \ud83d\ude42<\/p>\n\n\n\n<p>Mo\u017eete izrabrati izme\u0111u vi\u0161e uzoraka &#8211; Old school, Triple twist, Zig-zag, Arrow, Nordic i Spiral.<\/p>\n\n\n\n<figure class=\"wp-block-gallery has-nested-images columns-default is-cropped wp-block-gallery-1 is-layout-flex wp-block-gallery-is-layout-flex\">\n<figure class=\"wp-block-image size-large is-style-default\"><img loading=\"lazy\" decoding=\"async\" width=\"768\" height=\"1024\" data-id=\"123\" src=\"https:\/\/anavi-art.hr\/wp-content\/uploads\/2025\/03\/20240723_210823-768x1024.jpg\" alt=\"\" class=\"wp-image-123\" srcset=\"https:\/\/anavi-art.hr\/wp-content\/uploads\/2025\/03\/20240723_210823-768x1024.jpg 768w, https:\/\/anavi-art.hr\/wp-content\/uploads\/2025\/03\/20240723_210823-225x300.jpg 225w, https:\/\/anavi-art.hr\/wp-content\/uploads\/2025\/03\/20240723_210823-rotated.jpg 800w\" sizes=\"auto, (max-width: 768px) 100vw, 768px\" \/><\/figure>\n\n\n\n<figure class=\"wp-block-image size-large is-style-default\"><img loading=\"lazy\" decoding=\"async\" width=\"768\" height=\"1024\" data-id=\"124\" src=\"https:\/\/anavi-art.hr\/wp-content\/uploads\/2025\/03\/20240723_210833-768x1024.jpg\" alt=\"\" class=\"wp-image-124\" srcset=\"https:\/\/anavi-art.hr\/wp-content\/uploads\/2025\/03\/20240723_210833-768x1024.jpg 768w, https:\/\/anavi-art.hr\/wp-content\/uploads\/2025\/03\/20240723_210833-225x300.jpg 225w, https:\/\/anavi-art.hr\/wp-content\/uploads\/2025\/03\/20240723_210833-rotated.jpg 800w\" sizes=\"auto, (max-width: 768px) 100vw, 768px\" \/><\/figure>\n\n\n\n<figure class=\"wp-block-image size-large is-style-default\"><img loading=\"lazy\" decoding=\"async\" width=\"768\" height=\"1024\" data-id=\"128\" src=\"https:\/\/anavi-art.hr\/wp-content\/uploads\/2025\/03\/20240723_210855-768x1024.jpg\" alt=\"\" class=\"wp-image-128\" srcset=\"https:\/\/anavi-art.hr\/wp-content\/uploads\/2025\/03\/20240723_210855-768x1024.jpg 768w, https:\/\/anavi-art.hr\/wp-content\/uploads\/2025\/03\/20240723_210855-225x300.jpg 225w, https:\/\/anavi-art.hr\/wp-content\/uploads\/2025\/03\/20240723_210855-rotated.jpg 800w\" sizes=\"auto, (max-width: 768px) 100vw, 768px\" \/><\/figure>\n\n\n\n<figure class=\"wp-block-image size-large is-style-default\"><img loading=\"lazy\" decoding=\"async\" width=\"768\" height=\"1024\" data-id=\"126\" src=\"https:\/\/anavi-art.hr\/wp-content\/uploads\/2025\/03\/20240723_210913-768x1024.jpg\" alt=\"\" class=\"wp-image-126\" srcset=\"https:\/\/anavi-art.hr\/wp-content\/uploads\/2025\/03\/20240723_210913-768x1024.jpg 768w, https:\/\/anavi-art.hr\/wp-content\/uploads\/2025\/03\/20240723_210913-225x300.jpg 225w, https:\/\/anavi-art.hr\/wp-content\/uploads\/2025\/03\/20240723_210913-rotated.jpg 800w\" sizes=\"auto, (max-width: 768px) 100vw, 768px\" \/><\/figure>\n\n\n\n<figure class=\"wp-block-image size-large is-style-default\"><img loading=\"lazy\" decoding=\"async\" width=\"768\" height=\"1024\" data-id=\"127\" src=\"https:\/\/anavi-art.hr\/wp-content\/uploads\/2025\/03\/20240723_210929-768x1024.jpg\" alt=\"\" class=\"wp-image-127\" srcset=\"https:\/\/anavi-art.hr\/wp-content\/uploads\/2025\/03\/20240723_210929-768x1024.jpg 768w, https:\/\/anavi-art.hr\/wp-content\/uploads\/2025\/03\/20240723_210929-225x300.jpg 225w, https:\/\/anavi-art.hr\/wp-content\/uploads\/2025\/03\/20240723_210929-rotated.jpg 800w\" sizes=\"auto, (max-width: 768px) 100vw, 768px\" \/><\/figure>\n\n\n\n<figure class=\"wp-block-image size-large is-style-default\"><img loading=\"lazy\" decoding=\"async\" width=\"768\" height=\"1024\" data-id=\"125\" src=\"https:\/\/anavi-art.hr\/wp-content\/uploads\/2025\/03\/20240723_210948-768x1024.jpg\" alt=\"\" class=\"wp-image-125\" srcset=\"https:\/\/anavi-art.hr\/wp-content\/uploads\/2025\/03\/20240723_210948-768x1024.jpg 768w, https:\/\/anavi-art.hr\/wp-content\/uploads\/2025\/03\/20240723_210948-225x300.jpg 225w, https:\/\/anavi-art.hr\/wp-content\/uploads\/2025\/03\/20240723_210948-rotated.jpg 800w\" sizes=\"auto, (max-width: 768px) 100vw, 768px\" \/><\/figure>\n\n\n\n<figure class=\"wp-block-image size-large is-style-default\"><img loading=\"lazy\" decoding=\"async\" width=\"768\" height=\"1024\" data-id=\"129\" src=\"https:\/\/anavi-art.hr\/wp-content\/uploads\/2025\/03\/narukvice-prijateljstva-1-768x1024.jpg\" alt=\"\" class=\"wp-image-129\" srcset=\"https:\/\/anavi-art.hr\/wp-content\/uploads\/2025\/03\/narukvice-prijateljstva-1-768x1024.jpg 768w, https:\/\/anavi-art.hr\/wp-content\/uploads\/2025\/03\/narukvice-prijateljstva-1-225x300.jpg 225w, https:\/\/anavi-art.hr\/wp-content\/uploads\/2025\/03\/narukvice-prijateljstva-1-rotated.jpg 800w\" sizes=\"auto, (max-width: 768px) 100vw, 768px\" \/><\/figure>\n<\/figure>\n\n\n\n<p>Macrame nakit uklju\u010duje razli\u010dite vrste macrame narukvica, ukrasa za gle\u017eanj (anklet), te ogrlica koje mogu biti i ukrasi za glavu ako \u017eelite biti vilenjaci \ud83d\ude42<\/p>\n\n\n\n<p>Macrame nakit je jo\u0161 u razvoju, svakog dana u\u010dim nove uzorke i neopisivo u\u017eivam u umjetnosti \u010dvorova. Tako jednostavno &#8211; konac i \u010dvor, a takve prekrasne stvari se mogu napraviti od njih.<\/p>\n\n\n\n<p><\/p>\n\n\n\n<figure class=\"wp-block-gallery has-nested-images columns-default is-cropped wp-block-gallery-2 is-layout-flex wp-block-gallery-is-layout-flex\">\n<figure class=\"wp-block-image size-large\"><img loading=\"lazy\" decoding=\"async\" width=\"1024\" height=\"768\" data-id=\"139\" src=\"https:\/\/anavi-art.hr\/wp-content\/uploads\/2025\/03\/makrame-set-1-1024x768.jpg\" alt=\"\" class=\"wp-image-139\" srcset=\"https:\/\/anavi-art.hr\/wp-content\/uploads\/2025\/03\/makrame-set-1-1024x768.jpg 1024w, https:\/\/anavi-art.hr\/wp-content\/uploads\/2025\/03\/makrame-set-1-300x225.jpg 300w, https:\/\/anavi-art.hr\/wp-content\/uploads\/2025\/03\/makrame-set-1-768x576.jpg 768w, https:\/\/anavi-art.hr\/wp-content\/uploads\/2025\/03\/makrame-set-1.jpg 1299w\" sizes=\"auto, (max-width: 1024px) 100vw, 1024px\" \/><\/figure>\n\n\n\n<figure class=\"wp-block-image size-large\"><img loading=\"lazy\" decoding=\"async\" width=\"1024\" height=\"768\" data-id=\"137\" src=\"https:\/\/anavi-art.hr\/wp-content\/uploads\/2025\/03\/macrame-nakit-1-1024x768.jpg\" alt=\"\" class=\"wp-image-137\" srcset=\"https:\/\/anavi-art.hr\/wp-content\/uploads\/2025\/03\/macrame-nakit-1-1024x768.jpg 1024w, https:\/\/anavi-art.hr\/wp-content\/uploads\/2025\/03\/macrame-nakit-1-300x225.jpg 300w, https:\/\/anavi-art.hr\/wp-content\/uploads\/2025\/03\/macrame-nakit-1-768x576.jpg 768w, https:\/\/anavi-art.hr\/wp-content\/uploads\/2025\/03\/macrame-nakit-1.jpg 1200w\" sizes=\"auto, (max-width: 1024px) 100vw, 1024px\" \/><\/figure>\n\n\n\n<figure class=\"wp-block-image size-large\"><img loading=\"lazy\" decoding=\"async\" width=\"1024\" height=\"768\" data-id=\"136\" src=\"https:\/\/anavi-art.hr\/wp-content\/uploads\/2025\/03\/20250320_152751-1024x768.jpg\" alt=\"\" class=\"wp-image-136\" srcset=\"https:\/\/anavi-art.hr\/wp-content\/uploads\/2025\/03\/20250320_152751-1024x768.jpg 1024w, https:\/\/anavi-art.hr\/wp-content\/uploads\/2025\/03\/20250320_152751-300x225.jpg 300w, https:\/\/anavi-art.hr\/wp-content\/uploads\/2025\/03\/20250320_152751-768x576.jpg 768w, https:\/\/anavi-art.hr\/wp-content\/uploads\/2025\/03\/20250320_152751.jpg 1200w\" sizes=\"auto, (max-width: 1024px) 100vw, 1024px\" \/><\/figure>\n\n\n\n<figure class=\"wp-block-image size-large\"><img loading=\"lazy\" decoding=\"async\" width=\"1024\" height=\"768\" data-id=\"135\" src=\"https:\/\/anavi-art.hr\/wp-content\/uploads\/2025\/03\/20250320_152335-1024x768.jpg\" alt=\"\" class=\"wp-image-135\" srcset=\"https:\/\/anavi-art.hr\/wp-content\/uploads\/2025\/03\/20250320_152335-1024x768.jpg 1024w, https:\/\/anavi-art.hr\/wp-content\/uploads\/2025\/03\/20250320_152335-300x225.jpg 300w, https:\/\/anavi-art.hr\/wp-content\/uploads\/2025\/03\/20250320_152335-768x576.jpg 768w, https:\/\/anavi-art.hr\/wp-content\/uploads\/2025\/03\/20250320_152335.jpg 1200w\" sizes=\"auto, (max-width: 1024px) 100vw, 1024px\" \/><\/figure>\n\n\n\n<figure class=\"wp-block-image size-large\"><img loading=\"lazy\" decoding=\"async\" width=\"768\" height=\"1024\" data-id=\"134\" src=\"https:\/\/anavi-art.hr\/wp-content\/uploads\/2025\/03\/20250215_123120-768x1024.jpg\" alt=\"\" class=\"wp-image-134\" srcset=\"https:\/\/anavi-art.hr\/wp-content\/uploads\/2025\/03\/20250215_123120-768x1024.jpg 768w, https:\/\/anavi-art.hr\/wp-content\/uploads\/2025\/03\/20250215_123120-225x300.jpg 225w, https:\/\/anavi-art.hr\/wp-content\/uploads\/2025\/03\/20250215_123120-rotated.jpg 800w\" sizes=\"auto, (max-width: 768px) 100vw, 768px\" \/><\/figure>\n\n\n\n<figure class=\"wp-block-image size-large\"><img loading=\"lazy\" decoding=\"async\" width=\"1024\" height=\"731\" data-id=\"133\" src=\"https:\/\/anavi-art.hr\/wp-content\/uploads\/2025\/03\/20241120_193740-1024x731.jpg\" alt=\"\" class=\"wp-image-133\" srcset=\"https:\/\/anavi-art.hr\/wp-content\/uploads\/2025\/03\/20241120_193740-1024x731.jpg 1024w, https:\/\/anavi-art.hr\/wp-content\/uploads\/2025\/03\/20241120_193740-300x214.jpg 300w, https:\/\/anavi-art.hr\/wp-content\/uploads\/2025\/03\/20241120_193740-768x548.jpg 768w, https:\/\/anavi-art.hr\/wp-content\/uploads\/2025\/03\/20241120_193740.jpg 1200w\" sizes=\"auto, (max-width: 1024px) 100vw, 1024px\" \/><\/figure>\n\n\n\n<figure class=\"wp-block-image size-large\"><img loading=\"lazy\" decoding=\"async\" width=\"1024\" height=\"737\" data-id=\"132\" src=\"https:\/\/anavi-art.hr\/wp-content\/uploads\/2025\/03\/20241120_193702-1024x737.jpg\" alt=\"\" class=\"wp-image-132\" srcset=\"https:\/\/anavi-art.hr\/wp-content\/uploads\/2025\/03\/20241120_193702-1024x737.jpg 1024w, https:\/\/anavi-art.hr\/wp-content\/uploads\/2025\/03\/20241120_193702-300x216.jpg 300w, https:\/\/anavi-art.hr\/wp-content\/uploads\/2025\/03\/20241120_193702-768x553.jpg 768w, https:\/\/anavi-art.hr\/wp-content\/uploads\/2025\/03\/20241120_193702.jpg 1200w\" sizes=\"auto, (max-width: 1024px) 100vw, 1024px\" \/><\/figure>\n\n\n\n<figure class=\"wp-block-image size-large\"><img loading=\"lazy\" decoding=\"async\" width=\"1024\" height=\"851\" data-id=\"131\" src=\"https:\/\/anavi-art.hr\/wp-content\/uploads\/2025\/03\/20241117_171049-1024x851.jpg\" alt=\"\" class=\"wp-image-131\" srcset=\"https:\/\/anavi-art.hr\/wp-content\/uploads\/2025\/03\/20241117_171049-1024x851.jpg 1024w, https:\/\/anavi-art.hr\/wp-content\/uploads\/2025\/03\/20241117_171049-300x249.jpg 300w, https:\/\/anavi-art.hr\/wp-content\/uploads\/2025\/03\/20241117_171049-768x638.jpg 768w, https:\/\/anavi-art.hr\/wp-content\/uploads\/2025\/03\/20241117_171049.jpg 1200w\" sizes=\"auto, (max-width: 1024px) 100vw, 1024px\" \/><\/figure>\n\n\n\n<figure class=\"wp-block-image size-large\"><img loading=\"lazy\" decoding=\"async\" width=\"1024\" height=\"669\" data-id=\"130\" src=\"https:\/\/anavi-art.hr\/wp-content\/uploads\/2025\/03\/20241117_170832-1024x669.jpg\" alt=\"\" class=\"wp-image-130\" srcset=\"https:\/\/anavi-art.hr\/wp-content\/uploads\/2025\/03\/20241117_170832-1024x669.jpg 1024w, https:\/\/anavi-art.hr\/wp-content\/uploads\/2025\/03\/20241117_170832-300x196.jpg 300w, https:\/\/anavi-art.hr\/wp-content\/uploads\/2025\/03\/20241117_170832-768x502.jpg 768w, https:\/\/anavi-art.hr\/wp-content\/uploads\/2025\/03\/20241117_170832.jpg 1200w\" sizes=\"auto, (max-width: 1024px) 100vw, 1024px\" \/><\/figure>\n<\/figure>\n","protected":false},"excerpt":{"rendered":"<p>Zapetljana (eng. Tangled) je naziv linije macrame nakita i narukvica prijateljstva. Narukvice prijateljstva moja su ljubav jo\u0161 iz djetinjstva. Jednostavnost i \u0161arenilo boja su jednostavno neodoljivi \ud83d\ude42 Mo\u017eete izrabrati izme\u0111u vi\u0161e uzoraka &#8211; Old school, Triple twist, Zig-zag, Arrow, Nordic i Spiral. Macrame nakit uklju\u010duje razli\u010dite vrste macrame narukvica, ukrasa za gle\u017eanj (anklet), te ogrlica [&hellip;]<\/p>\n","protected":false},"author":1,"featured_media":0,"parent":0,"menu_order":0,"comment_status":"closed","ping_status":"closed","template":"","meta":{"footnotes":""},"class_list":["post-97","page","type-page","status-publish","hentry"],"_links":{"self":[{"href":"https:\/\/anavi-art.hr\/index.php\/wp-json\/wp\/v2\/pages\/97","targetHints":{"allow":["GET"]}}],"collection":[{"href":"https:\/\/anavi-art.hr\/index.php\/wp-json\/wp\/v2\/pages"}],"about":[{"href":"https:\/\/anavi-art.hr\/index.php\/wp-json\/wp\/v2\/types\/page"}],"author":[{"embeddable":true,"href":"https:\/\/anavi-art.hr\/index.php\/wp-json\/wp\/v2\/users\/1"}],"replies":[{"embeddable":true,"href":"https:\/\/anavi-art.hr\/index.php\/wp-json\/wp\/v2\/comments?post=97"}],"version-history":[{"count":3,"href":"https:\/\/anavi-art.hr\/index.php\/wp-json\/wp\/v2\/pages\/97\/revisions"}],"predecessor-version":[{"id":229,"href":"https:\/\/anavi-art.hr\/index.php\/wp-json\/wp\/v2\/pages\/97\/revisions\/229"}],"wp:attachment":[{"href":"https:\/\/anavi-art.hr\/index.php\/wp-json\/wp\/v2\/media?parent=97"}],"curies":[{"name":"wp","href":"https:\/\/api.w.org\/{rel}","templated":true}]}}