{"id":61,"date":"2025-04-01T11:52:12","date_gmt":"2025-04-01T11:52:12","guid":{"rendered":"https:\/\/anavi-art.hr\/?page_id=61"},"modified":"2025-10-07T17:35:16","modified_gmt":"2025-10-07T17:35:16","slug":"mandala-art","status":"publish","type":"page","link":"https:\/\/anavi-art.hr\/index.php\/mandala-art\/","title":{"rendered":"Mandala art"},"content":{"rendered":"\n<figure class=\"wp-block-image size-large is-style-default\"><img loading=\"lazy\" decoding=\"async\" width=\"1024\" height=\"768\" src=\"https:\/\/anavi-art.hr\/wp-content\/uploads\/2025\/03\/tolkien-citat-1024x768.jpg\" alt=\"\" class=\"wp-image-34\" srcset=\"https:\/\/anavi-art.hr\/wp-content\/uploads\/2025\/03\/tolkien-citat-1024x768.jpg 1024w, https:\/\/anavi-art.hr\/wp-content\/uploads\/2025\/03\/tolkien-citat-300x225.jpg 300w, https:\/\/anavi-art.hr\/wp-content\/uploads\/2025\/03\/tolkien-citat-768x576.jpg 768w, https:\/\/anavi-art.hr\/wp-content\/uploads\/2025\/03\/tolkien-citat.jpg 1200w\" sizes=\"auto, (max-width: 1024px) 100vw, 1024px\" \/><\/figure>\n\n\n\n<p>Klasi\u010dna mandala ili mo\u017eda mandala citat?<\/p>\n\n\n\n<p>Mo\u017eda yantra?<\/p>\n\n\n\n<p>Papir ili platno?<\/p>\n\n\n\n<p>Izra\u0111ujemo mandale prema Va\u0161im \u017eeljama za sve prigode &#8211; od ro\u0111endana, vjen\u010danja, kr\u0161tenja, godi\u0161njica, poklona za useljenje, maturu ili diplomu. \u0160togod se sjetili, mi \u0107emo realizirati. Ukoliko \u017eelite kupiti ve\u0107 gotov citat ili mandalu, javite se putem e-maila.<\/p>\n\n\n\n<p>Mandale i Yantre idealne su za opremanje yoga studija, ili ako \u017eelite u svoj dom unijeti posebnu energiju. Vi\u0161e o njima, pro\u010ditajte na na\u0161em <a href=\"https:\/\/anavi-art.hr\/?page_id=63\" data-type=\"page\" data-id=\"63\">blogu<\/a>.<\/p>\n\n\n\n<figure class=\"wp-block-gallery has-nested-images columns-default is-cropped wp-block-gallery-1 is-layout-flex wp-block-gallery-is-layout-flex\">\n<figure class=\"wp-block-image size-large\"><img loading=\"lazy\" decoding=\"async\" width=\"1024\" height=\"642\" data-id=\"71\" src=\"https:\/\/anavi-art.hr\/wp-content\/uploads\/2025\/03\/citat-picasso-2-1024x642.jpg\" alt=\"\" class=\"wp-image-71\" srcset=\"https:\/\/anavi-art.hr\/wp-content\/uploads\/2025\/03\/citat-picasso-2-1024x642.jpg 1024w, https:\/\/anavi-art.hr\/wp-content\/uploads\/2025\/03\/citat-picasso-2-300x188.jpg 300w, https:\/\/anavi-art.hr\/wp-content\/uploads\/2025\/03\/citat-picasso-2-768x481.jpg 768w, https:\/\/anavi-art.hr\/wp-content\/uploads\/2025\/03\/citat-picasso-2.jpg 1064w\" sizes=\"auto, (max-width: 1024px) 100vw, 1024px\" \/><\/figure>\n\n\n\n<figure class=\"wp-block-image size-large\"><img loading=\"lazy\" decoding=\"async\" width=\"1024\" height=\"768\" data-id=\"73\" src=\"https:\/\/anavi-art.hr\/wp-content\/uploads\/2025\/03\/citat-sri-dharma-mittra-2-1024x768.jpg\" alt=\"\" class=\"wp-image-73\" srcset=\"https:\/\/anavi-art.hr\/wp-content\/uploads\/2025\/03\/citat-sri-dharma-mittra-2-1024x768.jpg 1024w, https:\/\/anavi-art.hr\/wp-content\/uploads\/2025\/03\/citat-sri-dharma-mittra-2-300x225.jpg 300w, https:\/\/anavi-art.hr\/wp-content\/uploads\/2025\/03\/citat-sri-dharma-mittra-2-768x576.jpg 768w, https:\/\/anavi-art.hr\/wp-content\/uploads\/2025\/03\/citat-sri-dharma-mittra-2.jpg 1200w\" sizes=\"auto, (max-width: 1024px) 100vw, 1024px\" \/><\/figure>\n\n\n\n<figure class=\"wp-block-image size-large\"><img loading=\"lazy\" decoding=\"async\" width=\"1024\" height=\"768\" data-id=\"72\" src=\"https:\/\/anavi-art.hr\/wp-content\/uploads\/2025\/03\/inspirativni-citat-2-1024x768.jpg\" alt=\"\" class=\"wp-image-72\" srcset=\"https:\/\/anavi-art.hr\/wp-content\/uploads\/2025\/03\/inspirativni-citat-2-1024x768.jpg 1024w, https:\/\/anavi-art.hr\/wp-content\/uploads\/2025\/03\/inspirativni-citat-2-300x225.jpg 300w, https:\/\/anavi-art.hr\/wp-content\/uploads\/2025\/03\/inspirativni-citat-2-768x576.jpg 768w, https:\/\/anavi-art.hr\/wp-content\/uploads\/2025\/03\/inspirativni-citat-2.jpg 1200w\" sizes=\"auto, (max-width: 1024px) 100vw, 1024px\" \/><\/figure>\n\n\n\n<figure class=\"wp-block-image size-large\"><img loading=\"lazy\" decoding=\"async\" width=\"768\" height=\"1024\" data-id=\"77\" src=\"https:\/\/anavi-art.hr\/wp-content\/uploads\/2025\/03\/mandala-3-768x1024.jpg\" alt=\"\" class=\"wp-image-77\" srcset=\"https:\/\/anavi-art.hr\/wp-content\/uploads\/2025\/03\/mandala-3-768x1024.jpg 768w, https:\/\/anavi-art.hr\/wp-content\/uploads\/2025\/03\/mandala-3-225x300.jpg 225w, https:\/\/anavi-art.hr\/wp-content\/uploads\/2025\/03\/mandala-3-1152x1536.jpg 1152w, https:\/\/anavi-art.hr\/wp-content\/uploads\/2025\/03\/mandala-3-rotated.jpg 1200w\" sizes=\"auto, (max-width: 768px) 100vw, 768px\" \/><\/figure>\n\n\n\n<figure class=\"wp-block-image size-large\"><img loading=\"lazy\" decoding=\"async\" width=\"1024\" height=\"768\" data-id=\"79\" src=\"https:\/\/anavi-art.hr\/wp-content\/uploads\/2025\/03\/Om-mandala-1024x768.jpg\" alt=\"\" class=\"wp-image-79\" srcset=\"https:\/\/anavi-art.hr\/wp-content\/uploads\/2025\/03\/Om-mandala-1024x768.jpg 1024w, https:\/\/anavi-art.hr\/wp-content\/uploads\/2025\/03\/Om-mandala-300x225.jpg 300w, https:\/\/anavi-art.hr\/wp-content\/uploads\/2025\/03\/Om-mandala-768x576.jpg 768w, https:\/\/anavi-art.hr\/wp-content\/uploads\/2025\/03\/Om-mandala.jpg 1200w\" sizes=\"auto, (max-width: 1024px) 100vw, 1024px\" \/><\/figure>\n\n\n\n<figure class=\"wp-block-image size-large\"><img loading=\"lazy\" decoding=\"async\" width=\"1024\" height=\"768\" data-id=\"78\" src=\"https:\/\/anavi-art.hr\/wp-content\/uploads\/2025\/03\/segment-mandala-2-1024x768.jpg\" alt=\"\" class=\"wp-image-78\" srcset=\"https:\/\/anavi-art.hr\/wp-content\/uploads\/2025\/03\/segment-mandala-2-1024x768.jpg 1024w, https:\/\/anavi-art.hr\/wp-content\/uploads\/2025\/03\/segment-mandala-2-300x225.jpg 300w, https:\/\/anavi-art.hr\/wp-content\/uploads\/2025\/03\/segment-mandala-2-768x576.jpg 768w, https:\/\/anavi-art.hr\/wp-content\/uploads\/2025\/03\/segment-mandala-2.jpg 1200w\" sizes=\"auto, (max-width: 1024px) 100vw, 1024px\" \/><\/figure>\n\n\n\n<figure class=\"wp-block-image size-large\"><img loading=\"lazy\" decoding=\"async\" width=\"768\" height=\"1024\" data-id=\"75\" src=\"https:\/\/anavi-art.hr\/wp-content\/uploads\/2025\/03\/mandala-2-768x1024.jpg\" alt=\"\" class=\"wp-image-75\" srcset=\"https:\/\/anavi-art.hr\/wp-content\/uploads\/2025\/03\/mandala-2-768x1024.jpg 768w, https:\/\/anavi-art.hr\/wp-content\/uploads\/2025\/03\/mandala-2-225x300.jpg 225w, https:\/\/anavi-art.hr\/wp-content\/uploads\/2025\/03\/mandala-2-rotated.jpg 800w\" sizes=\"auto, (max-width: 768px) 100vw, 768px\" \/><\/figure>\n\n\n\n<figure class=\"wp-block-image size-large\"><img loading=\"lazy\" decoding=\"async\" width=\"1024\" height=\"768\" data-id=\"76\" src=\"https:\/\/anavi-art.hr\/wp-content\/uploads\/2025\/03\/mandala-platno-1024x768.jpg\" alt=\"\" class=\"wp-image-76\" srcset=\"https:\/\/anavi-art.hr\/wp-content\/uploads\/2025\/03\/mandala-platno-1024x768.jpg 1024w, https:\/\/anavi-art.hr\/wp-content\/uploads\/2025\/03\/mandala-platno-300x225.jpg 300w, https:\/\/anavi-art.hr\/wp-content\/uploads\/2025\/03\/mandala-platno-768x576.jpg 768w, https:\/\/anavi-art.hr\/wp-content\/uploads\/2025\/03\/mandala-platno.jpg 1200w\" sizes=\"auto, (max-width: 1024px) 100vw, 1024px\" \/><\/figure>\n\n\n\n<figure class=\"wp-block-image size-large\"><img loading=\"lazy\" decoding=\"async\" width=\"768\" height=\"1024\" data-id=\"80\" src=\"https:\/\/anavi-art.hr\/wp-content\/uploads\/2025\/03\/merkur-mandala-768x1024.jpg\" alt=\"\" class=\"wp-image-80\" srcset=\"https:\/\/anavi-art.hr\/wp-content\/uploads\/2025\/03\/merkur-mandala-768x1024.jpg 768w, https:\/\/anavi-art.hr\/wp-content\/uploads\/2025\/03\/merkur-mandala-225x300.jpg 225w, https:\/\/anavi-art.hr\/wp-content\/uploads\/2025\/03\/merkur-mandala-rotated.jpg 800w\" sizes=\"auto, (max-width: 768px) 100vw, 768px\" \/><\/figure>\n\n\n\n<figure class=\"wp-block-image size-large\"><img loading=\"lazy\" decoding=\"async\" width=\"768\" height=\"1024\" data-id=\"81\" src=\"https:\/\/anavi-art.hr\/wp-content\/uploads\/2025\/03\/sri-yantra-768x1024.jpg\" alt=\"\" class=\"wp-image-81\" srcset=\"https:\/\/anavi-art.hr\/wp-content\/uploads\/2025\/03\/sri-yantra-768x1024.jpg 768w, https:\/\/anavi-art.hr\/wp-content\/uploads\/2025\/03\/sri-yantra-225x300.jpg 225w, https:\/\/anavi-art.hr\/wp-content\/uploads\/2025\/03\/sri-yantra-rotated.jpg 800w\" sizes=\"auto, (max-width: 768px) 100vw, 768px\" \/><\/figure>\n<\/figure>\n\n\n\n<p><\/p>\n","protected":false},"excerpt":{"rendered":"<p>Klasi\u010dna mandala ili mo\u017eda mandala citat? Mo\u017eda yantra? Papir ili platno? Izra\u0111ujemo mandale prema Va\u0161im \u017eeljama za sve prigode &#8211; od ro\u0111endana, vjen\u010danja, kr\u0161tenja, godi\u0161njica, poklona za useljenje, maturu ili diplomu. \u0160togod se sjetili, mi \u0107emo realizirati. Ukoliko \u017eelite kupiti ve\u0107 gotov citat ili mandalu, javite se putem e-maila. Mandale i Yantre idealne su za [&hellip;]<\/p>\n","protected":false},"author":1,"featured_media":0,"parent":0,"menu_order":0,"comment_status":"closed","ping_status":"closed","template":"","meta":{"footnotes":""},"class_list":["post-61","page","type-page","status-publish","hentry"],"_links":{"self":[{"href":"https:\/\/anavi-art.hr\/index.php\/wp-json\/wp\/v2\/pages\/61","targetHints":{"allow":["GET"]}}],"collection":[{"href":"https:\/\/anavi-art.hr\/index.php\/wp-json\/wp\/v2\/pages"}],"about":[{"href":"https:\/\/anavi-art.hr\/index.php\/wp-json\/wp\/v2\/types\/page"}],"author":[{"embeddable":true,"href":"https:\/\/anavi-art.hr\/index.php\/wp-json\/wp\/v2\/users\/1"}],"replies":[{"embeddable":true,"href":"https:\/\/anavi-art.hr\/index.php\/wp-json\/wp\/v2\/comments?post=61"}],"version-history":[{"count":3,"href":"https:\/\/anavi-art.hr\/index.php\/wp-json\/wp\/v2\/pages\/61\/revisions"}],"predecessor-version":[{"id":261,"href":"https:\/\/anavi-art.hr\/index.php\/wp-json\/wp\/v2\/pages\/61\/revisions\/261"}],"wp:attachment":[{"href":"https:\/\/anavi-art.hr\/index.php\/wp-json\/wp\/v2\/media?parent=61"}],"curies":[{"name":"wp","href":"https:\/\/api.w.org\/{rel}","templated":true}]}}