{"id":210,"date":"2025-04-01T13:13:51","date_gmt":"2025-04-01T13:13:51","guid":{"rendered":"https:\/\/anavi-art.hr\/?page_id=210"},"modified":"2025-10-07T17:59:01","modified_gmt":"2025-10-07T17:59:01","slug":"o-anaviart","status":"publish","type":"page","link":"https:\/\/anavi-art.hr\/index.php\/o-anaviart\/","title":{"rendered":"O anaviART"},"content":{"rendered":"\n<div class=\"wp-block-group is-vertical is-layout-flex wp-container-core-group-is-layout-fe9cc265 wp-block-group-is-layout-flex\">\n<figure class=\"wp-block-gallery has-nested-images columns-default is-cropped wp-block-gallery-1 is-layout-flex wp-block-gallery-is-layout-flex\">\n<figure class=\"wp-block-image size-large\"><img loading=\"lazy\" decoding=\"async\" width=\"682\" height=\"1024\" data-id=\"212\" src=\"https:\/\/anavi-art.hr\/wp-content\/uploads\/2025\/04\/o-yogi--682x1024.jpg\" alt=\"\" class=\"wp-image-212\" srcset=\"https:\/\/anavi-art.hr\/wp-content\/uploads\/2025\/04\/o-yogi--682x1024.jpg 682w, https:\/\/anavi-art.hr\/wp-content\/uploads\/2025\/04\/o-yogi--200x300.jpg 200w, https:\/\/anavi-art.hr\/wp-content\/uploads\/2025\/04\/o-yogi--768x1154.jpg 768w, https:\/\/anavi-art.hr\/wp-content\/uploads\/2025\/04\/o-yogi-.jpg 800w\" sizes=\"auto, (max-width: 682px) 100vw, 682px\" \/><\/figure>\n\n\n\n<figure class=\"wp-block-image size-large\"><img loading=\"lazy\" decoding=\"async\" width=\"678\" height=\"1024\" data-id=\"214\" src=\"https:\/\/anavi-art.hr\/wp-content\/uploads\/2025\/04\/o-yogi2-678x1024.jpg\" alt=\"\" class=\"wp-image-214\" srcset=\"https:\/\/anavi-art.hr\/wp-content\/uploads\/2025\/04\/o-yogi2-678x1024.jpg 678w, https:\/\/anavi-art.hr\/wp-content\/uploads\/2025\/04\/o-yogi2-199x300.jpg 199w, https:\/\/anavi-art.hr\/wp-content\/uploads\/2025\/04\/o-yogi2-768x1160.jpg 768w, https:\/\/anavi-art.hr\/wp-content\/uploads\/2025\/04\/o-yogi2.jpg 800w\" sizes=\"auto, (max-width: 678px) 100vw, 678px\" \/><\/figure>\n\n\n\n<figure class=\"wp-block-image size-large\"><img loading=\"lazy\" decoding=\"async\" width=\"675\" height=\"1024\" data-id=\"213\" src=\"https:\/\/anavi-art.hr\/wp-content\/uploads\/2025\/04\/o-yogi3-675x1024.jpg\" alt=\"\" class=\"wp-image-213\" srcset=\"https:\/\/anavi-art.hr\/wp-content\/uploads\/2025\/04\/o-yogi3-675x1024.jpg 675w, https:\/\/anavi-art.hr\/wp-content\/uploads\/2025\/04\/o-yogi3-198x300.jpg 198w, https:\/\/anavi-art.hr\/wp-content\/uploads\/2025\/04\/o-yogi3-768x1165.jpg 768w, https:\/\/anavi-art.hr\/wp-content\/uploads\/2025\/04\/o-yogi3.jpg 800w\" sizes=\"auto, (max-width: 675px) 100vw, 675px\" \/><\/figure>\n<\/figure>\n<\/div>\n\n\n\n<p>Pozdrav!<\/p>\n\n\n\n<p>Moje ime je Ivana, full time kreativna yogina.<\/p>\n\n\n\n<p>Ro\u0111ena sam 1989. a \u017eivim i radim u Ludbregu. Od malena, sam obo\u017eavala crtati, raditi nakit i \u0161ivati  \u0161to je nekako utihnulo u ranim dvadesetim, ali sam kroz yogu ponovo prona\u0161la sebe i svoj omiljeni na\u010din izra\u017eavanja.<\/p>\n\n\n\n<p>Yogom se po\u010dinjem baviti 2013. godine pod vodstvom Gordane Damjani\u0107 iz Studia Shakti Vara\u017edin. 2019. godine odlu\u010dujem upisati osnovnu obuku za yoga u\u010ditelje (RYT 200) U Dharma House Zagreb, pod vodstvom Sandre Petre Pintari\u0107. Nakon zavr\u0161etka, po\u010dinjem voditi svoju prvu grupu yoga u\u010denika.<\/p>\n\n\n\n<p>2020. sa yoginom Ivanom Krobot osnivamo Udrugu za jogu i promicanje zdravog na\u010dina \u017eivota Ayana, te opremamo prvi yoga studio u Ludbregu. Na\u0161i \u010dlanovi svakodnevno poha\u0111aju satove yoge u Ayana Studiu ili na Otoku mladosti u prirodi u ljetnim mjesecima.<\/p>\n\n\n\n<p>2023. godine zavr\u0161avam i naprednu obuku za yoga u\u010ditelja (RYT 500), tako\u0111er kod Sandre Petre, te dodatnih 10 sati obuke za Yoga nidru kod Satlaya Yoga pod vodstvom Shir Shemesh-a.<\/p>\n\n\n\n<p>Prije svega, mi smo yoga u\u010denici te svakodnevnim radom na sebi i kroz obrazovanje imamo du\u017enost, da budemo najbolje verzije sebe. Kroz razne edukacije, master classove, radionice i sli\u010dno, neprestano u\u010dimo i nadogra\u0111ujemo svoje znanje kako bi na\u0161im u\u010denicima pru\u017eili najkvalitetnije znanje.<\/p>\n\n\n\n<p>2024. godine napokon otvaram svoj obrt, prvenstveno za svoju kreativnost \u2013 anaviART.<\/p>\n\n\n\n<p>Slobodno vrijeme volim provoditi u prirodi, sa zaru\u010dnikom i obitelji, volim \u010ditati i crtati te u\u010diti svirati bubnjeve i handpan.<\/p>\n\n\n\n<p>A Yoga? Za mene, yoga je ljubav. Sre\u0107a. Sloboda. Ne\u0161to neopisivo. Yoga je sve!<\/p>\n\n\n\n<p>U\u017eivaj u istra\u017eivanju mog web-a i nadam se da se vidimo na yoga matu ili nekom sajmu gdje mo\u017ee\u0161 u\u017eivo vidjeti moje kreacije!<\/p>\n\n\n\n<p>Namaste!<\/p>\n","protected":false},"excerpt":{"rendered":"<p>Pozdrav! Moje ime je Ivana, full time kreativna yogina. Ro\u0111ena sam 1989. a \u017eivim i radim u Ludbregu. Od malena, sam obo\u017eavala crtati, raditi nakit i \u0161ivati \u0161to je nekako utihnulo u ranim dvadesetim, ali sam kroz yogu ponovo prona\u0161la sebe i svoj omiljeni na\u010din izra\u017eavanja. Yogom se po\u010dinjem baviti 2013. godine pod vodstvom Gordane [&hellip;]<\/p>\n","protected":false},"author":1,"featured_media":0,"parent":0,"menu_order":0,"comment_status":"closed","ping_status":"closed","template":"","meta":{"footnotes":""},"class_list":["post-210","page","type-page","status-publish","hentry"],"_links":{"self":[{"href":"https:\/\/anavi-art.hr\/index.php\/wp-json\/wp\/v2\/pages\/210","targetHints":{"allow":["GET"]}}],"collection":[{"href":"https:\/\/anavi-art.hr\/index.php\/wp-json\/wp\/v2\/pages"}],"about":[{"href":"https:\/\/anavi-art.hr\/index.php\/wp-json\/wp\/v2\/types\/page"}],"author":[{"embeddable":true,"href":"https:\/\/anavi-art.hr\/index.php\/wp-json\/wp\/v2\/users\/1"}],"replies":[{"embeddable":true,"href":"https:\/\/anavi-art.hr\/index.php\/wp-json\/wp\/v2\/comments?post=210"}],"version-history":[{"count":4,"href":"https:\/\/anavi-art.hr\/index.php\/wp-json\/wp\/v2\/pages\/210\/revisions"}],"predecessor-version":[{"id":265,"href":"https:\/\/anavi-art.hr\/index.php\/wp-json\/wp\/v2\/pages\/210\/revisions\/265"}],"wp:attachment":[{"href":"https:\/\/anavi-art.hr\/index.php\/wp-json\/wp\/v2\/media?parent=210"}],"curies":[{"name":"wp","href":"https:\/\/api.w.org\/{rel}","templated":true}]}}